{"id":1674,"date":"2024-04-26T11:31:39","date_gmt":"2024-04-26T09:31:39","guid":{"rendered":"https:\/\/ddpm.be\/?page_id=1674"},"modified":"2025-01-06T08:08:40","modified_gmt":"2025-01-06T07:08:40","slug":"interior-projects","status":"publish","type":"page","link":"https:\/\/ddpm.be\/fr\/interior-projects\/","title":{"rendered":"Am\u00e9nagement Int\u00e9rieur"},"content":{"rendered":"<div data-elementor-type=\"wp-page\" data-elementor-id=\"1674\" class=\"elementor elementor-1674\" data-elementor-post-type=\"page\">\n\t\t\t\t\t\t<section class=\"elementor-section elementor-top-section elementor-element elementor-element-386d2b4 elementor-section-boxed elementor-section-height-default elementor-section-height-default\" data-id=\"386d2b4\" data-element_type=\"section\" data-e-type=\"section\" data-settings=\"{&quot;background_background&quot;:&quot;classic&quot;}\">\n\t\t\t\t\t\t<div class=\"elementor-container elementor-column-gap-default\">\n\t\t\t\t\t<div class=\"elementor-column elementor-col-100 elementor-top-column elementor-element elementor-element-d700da5\" data-id=\"d700da5\" data-element_type=\"column\" data-e-type=\"column\">\n\t\t\t<div class=\"elementor-widget-wrap elementor-element-populated\">\n\t\t\t\t\t\t<div class=\"elementor-element elementor-element-e6ee4bf elementor-widget elementor-widget-heading\" data-id=\"e6ee4bf\" data-element_type=\"widget\" data-e-type=\"widget\" data-widget_type=\"heading.default\">\n\t\t\t\t<div class=\"elementor-widget-container\">\n\t\t\t\t\t<h2 class=\"elementor-heading-title elementor-size-default\">Am\u00e9nagement Int\u00e9rieur<\/h2>\t\t\t\t<\/div>\n\t\t\t\t<\/div>\n\t\t\t\t\t<\/div>\n\t\t<\/div>\n\t\t\t\t\t<\/div>\n\t\t<\/section>\n\t\t\t\t<section class=\"elementor-section elementor-top-section elementor-element elementor-element-78e28035 elementor-section-boxed elementor-section-height-default elementor-section-height-default\" data-id=\"78e28035\" data-element_type=\"section\" data-e-type=\"section\">\n\t\t\t\t\t\t<div class=\"elementor-container elementor-column-gap-default\">\n\t\t\t\t\t<div class=\"elementor-column elementor-col-100 elementor-top-column elementor-element elementor-element-6da4481\" data-id=\"6da4481\" data-element_type=\"column\" data-e-type=\"column\" data-settings=\"{&quot;background_background&quot;:&quot;classic&quot;}\">\n\t\t\t<div class=\"elementor-widget-wrap elementor-element-populated\">\n\t\t\t\t\t<div class=\"elementor-background-overlay\"><\/div>\n\t\t\t\t\t\t<div class=\"elementor-element elementor-element-f5d47a7 elementor-widget elementor-widget-text-editor\" data-id=\"f5d47a7\" data-element_type=\"widget\" data-e-type=\"widget\" data-widget_type=\"text-editor.default\">\n\t\t\t\t<div class=\"elementor-widget-container\">\n\t\t\t\t\t\t\t\t\t<p class=\"whitespace-pre-wrap break-words\" style=\"text-align: left;\">Nous transformons les espaces int\u00e9rieurs gr\u00e2ce \u00e0 des cr\u00e9ations sur mesure exceptionnelles et des solutions innovantes qui allient fonctionnalit\u00e9 et vision artistique. Nos menuisiers combinent techniques traditionnelles et technologie moderne afin de cr\u00e9er des pi\u00e8ces sur mesure uniques qui s'int\u00e8grent parfaitement \u00e0 votre espace.<\/p><p class=\"whitespace-pre-wrap break-words\" style=\"text-align: left;\">Nous sommes sp\u00e9cialis\u00e9s dans le mobilier sur mesure incorporant des \u00e9l\u00e9ments architecturaux innovants. Nos solutions compl\u00e8tes en am\u00e9nagement int\u00e9rieur couvrent tout du premier contact \u00e0 la conception d\u00e9taill\u00e9e jusqu'\u00e0 la fabrication pr\u00e9cise et l'installation experte.<\/p><p class=\"whitespace-pre-wrap break-words\" style=\"text-align: left;\">Nous collaborons \u00e9troitement avec architectes, designers et propri\u00e9taires pour comprendre leur vision et leurs exigences. En combinant expertise technique et compr\u00e9hension approfondie des mat\u00e9riaux et de la dynamique des espaces, nous cr\u00e9ons des environnements harmonieux qui inspirent et perdurent.<\/p>\t\t\t\t\t\t\t\t<\/div>\n\t\t\t\t<\/div>\n\t\t\t\t\t<\/div>\n\t\t<\/div>\n\t\t\t\t\t<\/div>\n\t\t<\/section>\n\t\t\t\t<section class=\"elementor-section elementor-top-section elementor-element elementor-element-4d8d10d elementor-section-boxed elementor-section-height-default elementor-section-height-default\" data-id=\"4d8d10d\" data-element_type=\"section\" data-e-type=\"section\">\n\t\t\t\t\t\t<div class=\"elementor-container elementor-column-gap-default\">\n\t\t\t\t\t<div class=\"elementor-column elementor-col-100 elementor-top-column elementor-element elementor-element-7a290028\" data-id=\"7a290028\" data-element_type=\"column\" data-e-type=\"column\">\n\t\t\t<div class=\"elementor-widget-wrap elementor-element-populated\">\n\t\t\t\t\t\t<div class=\"elementor-element elementor-element-35ecb18 elementor-align-center elementor-widget elementor-widget-button\" data-id=\"35ecb18\" data-element_type=\"widget\" data-e-type=\"widget\" data-widget_type=\"button.default\">\n\t\t\t\t<div class=\"elementor-widget-container\">\n\t\t\t\t\t\t\t\t\t<div class=\"elementor-button-wrapper\">\n\t\t\t\t\t<a class=\"elementor-button elementor-button-link elementor-size-sm\" href=\"https:\/\/ddpm.be\/fr\/contact-us\/\">\n\t\t\t\t\t\t<span class=\"elementor-button-content-wrapper\">\n\t\t\t\t\t\t\t\t\t<span class=\"elementor-button-text\">Contactez-nous d\u00e8s aujourd'hui<\/span>\n\t\t\t\t\t<\/span>\n\t\t\t\t\t<\/a>\n\t\t\t\t<\/div>\n\t\t\t\t\t\t\t\t<\/div>\n\t\t\t\t<\/div>\n\t\t\t\t<div class=\"elementor-element elementor-element-2293727 elementor-widget elementor-widget-spacer\" data-id=\"2293727\" data-element_type=\"widget\" data-e-type=\"widget\" data-widget_type=\"spacer.default\">\n\t\t\t\t<div class=\"elementor-widget-container\">\n\t\t\t\t\t\t\t<div class=\"elementor-spacer\">\n\t\t\t<div class=\"elementor-spacer-inner\"><\/div>\n\t\t<\/div>\n\t\t\t\t\t\t<\/div>\n\t\t\t\t<\/div>\n\t\t\t\t\t<\/div>\n\t\t<\/div>\n\t\t\t\t\t<\/div>\n\t\t<\/section>\n\t\t\t\t<section class=\"elementor-section elementor-top-section elementor-element elementor-element-1ed051ef elementor-section-boxed elementor-section-height-default elementor-section-height-default\" data-id=\"1ed051ef\" data-element_type=\"section\" data-e-type=\"section\" data-settings=\"{&quot;background_background&quot;:&quot;classic&quot;}\">\n\t\t\t\t\t\t<div class=\"elementor-container elementor-column-gap-default\">\n\t\t\t\t\t<div class=\"elementor-column elementor-col-50 elementor-top-column elementor-element elementor-element-dc1fc2a\" data-id=\"dc1fc2a\" data-element_type=\"column\" data-e-type=\"column\" data-settings=\"{&quot;background_background&quot;:&quot;classic&quot;}\">\n\t\t\t<div class=\"elementor-widget-wrap elementor-element-populated\">\n\t\t\t\t\t<div class=\"elementor-background-overlay\"><\/div>\n\t\t\t\t\t\t<div class=\"elementor-element elementor-element-1b19918 elementor-widget elementor-widget-spacer\" data-id=\"1b19918\" data-element_type=\"widget\" data-e-type=\"widget\" data-widget_type=\"spacer.default\">\n\t\t\t\t<div class=\"elementor-widget-container\">\n\t\t\t\t\t\t\t<div class=\"elementor-spacer\">\n\t\t\t<div class=\"elementor-spacer-inner\"><\/div>\n\t\t<\/div>\n\t\t\t\t\t\t<\/div>\n\t\t\t\t<\/div>\n\t\t\t\t<div class=\"elementor-element elementor-element-4840a939 elementor-view-default elementor-position-block-start elementor-mobile-position-block-start elementor-widget elementor-widget-icon-box\" data-id=\"4840a939\" data-element_type=\"widget\" data-e-type=\"widget\" data-widget_type=\"icon-box.default\">\n\t\t\t\t<div class=\"elementor-widget-container\">\n\t\t\t\t\t\t\t<div class=\"elementor-icon-box-wrapper\">\n\n\t\t\t\t\t\t<div class=\"elementor-icon-box-icon\">\n\t\t\t\t<span  class=\"elementor-icon\">\n\t\t\t\t<i aria-hidden=\"true\" class=\"fas fa-cog\"><\/i>\t\t\t\t<\/span>\n\t\t\t<\/div>\n\t\t\t\n\t\t\t\t\t\t<div class=\"elementor-icon-box-content\">\n\n\t\t\t\t\t\t\t\t\t<h3 class=\"elementor-icon-box-title\">\n\t\t\t\t\t\t<span  >\n\t\t\t\t\t\t\tProjets\t\t\t\t\t\t<\/span>\n\t\t\t\t\t<\/h3>\n\t\t\t\t\n\t\t\t\t\n\t\t\t<\/div>\n\t\t\t\n\t\t<\/div>\n\t\t\t\t\t\t<\/div>\n\t\t\t\t<\/div>\n\t\t\t\t<div class=\"elementor-element elementor-element-ffe3b44 elementor-widget elementor-widget-text-editor\" data-id=\"ffe3b44\" data-element_type=\"widget\" data-e-type=\"widget\" data-widget_type=\"text-editor.default\">\n\t\t\t\t<div class=\"elementor-widget-container\">\n\t\t\t\t\t\t\t\t\t<p style=\"text-align: left;\">De la vision \u00e0 la conception, DDPM transforme vos id\u00e9es en dessins techniques d\u00e9taill\u00e9s et en visualisations 3D. \u00c0 travers une fabrication experte et une installation m\u00e9ticuleuse, nous cr\u00e9ons du mobilier sur mesure combinant parfaitement l'artisanat traditionnel et l'innovation moderne. Notre \u00e9quipe qualifi\u00e9e assure une installation experte et place minutieusement chaque \u00e9l\u00e9ment pour transformer parfaitement votre espace.<\/p>\t\t\t\t\t\t\t\t<\/div>\n\t\t\t\t<\/div>\n\t\t\t\t\t<\/div>\n\t\t<\/div>\n\t\t\t\t<div class=\"elementor-column elementor-col-50 elementor-top-column elementor-element elementor-element-876820e\" data-id=\"876820e\" data-element_type=\"column\" data-e-type=\"column\" data-settings=\"{&quot;background_background&quot;:&quot;classic&quot;}\">\n\t\t\t<div class=\"elementor-widget-wrap elementor-element-populated\">\n\t\t\t\t\t<div class=\"elementor-background-overlay\"><\/div>\n\t\t\t\t\t\t<div class=\"elementor-element elementor-element-beb8464 elementor-widget elementor-widget-spacer\" data-id=\"beb8464\" data-element_type=\"widget\" data-e-type=\"widget\" data-widget_type=\"spacer.default\">\n\t\t\t\t<div class=\"elementor-widget-container\">\n\t\t\t\t\t\t\t<div class=\"elementor-spacer\">\n\t\t\t<div class=\"elementor-spacer-inner\"><\/div>\n\t\t<\/div>\n\t\t\t\t\t\t<\/div>\n\t\t\t\t<\/div>\n\t\t\t\t<div class=\"elementor-element elementor-element-1bf7a5f1 elementor-view-default elementor-position-block-start elementor-mobile-position-block-start elementor-widget elementor-widget-icon-box\" data-id=\"1bf7a5f1\" data-element_type=\"widget\" data-e-type=\"widget\" data-widget_type=\"icon-box.default\">\n\t\t\t\t<div class=\"elementor-widget-container\">\n\t\t\t\t\t\t\t<div class=\"elementor-icon-box-wrapper\">\n\n\t\t\t\t\t\t<div class=\"elementor-icon-box-icon\">\n\t\t\t\t<span  class=\"elementor-icon\">\n\t\t\t\t<i aria-hidden=\"true\" class=\"fas fa-cube\"><\/i>\t\t\t\t<\/span>\n\t\t\t<\/div>\n\t\t\t\n\t\t\t\t\t\t<div class=\"elementor-icon-box-content\">\n\n\t\t\t\t\t\t\t\t\t<h3 class=\"elementor-icon-box-title\">\n\t\t\t\t\t\t<span  >\n\t\t\t\t\t\t\tMobilier sur mesure\t\t\t\t\t\t<\/span>\n\t\t\t\t\t<\/h3>\n\t\t\t\t\n\t\t\t\t\n\t\t\t<\/div>\n\t\t\t\n\t\t<\/div>\n\t\t\t\t\t\t<\/div>\n\t\t\t\t<\/div>\n\t\t\t\t<div class=\"elementor-element elementor-element-85a6384 elementor-widget elementor-widget-text-editor\" data-id=\"85a6384\" data-element_type=\"widget\" data-e-type=\"widget\" data-widget_type=\"text-editor.default\">\n\t\t\t\t<div class=\"elementor-widget-container\">\n\t\t\t\t\t\t\t\t\t<p style=\"text-align: left;\">Nous cr\u00e9ons du mobilier sur mesure exceptionnel qui sublime les espaces commerciaux et r\u00e9sidentiels. Nos menuisiers cr\u00e9ent des pi\u00e8ces haut de gamme adapt\u00e9es aux exigences uniques de chaque client, collaborant avec architectes, designers et propri\u00e9taires pour donner vie \u00e0 des visions sophistiqu\u00e9es. Du concept \u00e0 l'installation, nous offrons une qualit\u00e9 sans compromis gr\u00e2ce \u00e0 un artisanat de pr\u00e9cision et un design innovant.<\/p>\t\t\t\t\t\t\t\t<\/div>\n\t\t\t\t<\/div>\n\t\t\t\t\t<\/div>\n\t\t<\/div>\n\t\t\t\t\t<\/div>\n\t\t<\/section>\n\t\t\t\t<\/div>","protected":false},"excerpt":{"rendered":"<p>Interior Projects We transform interior spaces through exceptional bespoke woodwork and innovative solutions that merge functionality with artistic vision. Our master craftsmen combine traditional techniques with modern technology to create stunning custom pieces that perfectly complement your space. We specialize in sophisticated wall paneling, unique built-in furniture, and architectural features that make a statement. Our [&hellip;]<\/p>\n","protected":false},"author":1,"featured_media":0,"parent":0,"menu_order":0,"comment_status":"closed","ping_status":"closed","template":"elementor_header_footer","meta":{"footnotes":""},"class_list":["post-1674","page","type-page","status-publish","hentry"],"_links":{"self":[{"href":"https:\/\/ddpm.be\/fr\/wp-json\/wp\/v2\/pages\/1674","targetHints":{"allow":["GET"]}}],"collection":[{"href":"https:\/\/ddpm.be\/fr\/wp-json\/wp\/v2\/pages"}],"about":[{"href":"https:\/\/ddpm.be\/fr\/wp-json\/wp\/v2\/types\/page"}],"author":[{"embeddable":true,"href":"https:\/\/ddpm.be\/fr\/wp-json\/wp\/v2\/users\/1"}],"replies":[{"embeddable":true,"href":"https:\/\/ddpm.be\/fr\/wp-json\/wp\/v2\/comments?post=1674"}],"version-history":[{"count":81,"href":"https:\/\/ddpm.be\/fr\/wp-json\/wp\/v2\/pages\/1674\/revisions"}],"predecessor-version":[{"id":2199,"href":"https:\/\/ddpm.be\/fr\/wp-json\/wp\/v2\/pages\/1674\/revisions\/2199"}],"wp:attachment":[{"href":"https:\/\/ddpm.be\/fr\/wp-json\/wp\/v2\/media?parent=1674"}],"curies":[{"name":"wp","href":"https:\/\/api.w.org\/{rel}","templated":true}]}}