{"id":1548,"date":"2024-04-26T09:09:47","date_gmt":"2024-04-26T07:09:47","guid":{"rendered":"https:\/\/ddpm.be\/home\/"},"modified":"2025-01-06T08:08:21","modified_gmt":"2025-01-06T07:08:21","slug":"facility-services","status":"publish","type":"page","link":"https:\/\/ddpm.be\/fr\/facility-services\/","title":{"rendered":"Services Facility"},"content":{"rendered":"<div data-elementor-type=\"wp-page\" data-elementor-id=\"1548\" class=\"elementor elementor-1548\" data-elementor-post-type=\"page\">\n\t\t\t\t\t\t<section class=\"elementor-section elementor-top-section elementor-element elementor-element-1d94e9e5 elementor-section-boxed elementor-section-height-default elementor-section-height-default\" data-id=\"1d94e9e5\" data-element_type=\"section\" data-e-type=\"section\">\n\t\t\t\t\t\t<div class=\"elementor-container elementor-column-gap-default\">\n\t\t\t\t\t<div class=\"elementor-column elementor-col-100 elementor-top-column elementor-element elementor-element-f6e061\" data-id=\"f6e061\" data-element_type=\"column\" data-e-type=\"column\">\n\t\t\t<div class=\"elementor-widget-wrap elementor-element-populated\">\n\t\t\t\t\t\t<div class=\"elementor-element elementor-element-ada33fd elementor-widget elementor-widget-heading\" data-id=\"ada33fd\" data-element_type=\"widget\" data-e-type=\"widget\" data-widget_type=\"heading.default\">\n\t\t\t\t<div class=\"elementor-widget-container\">\n\t\t\t\t\t<h2 class=\"elementor-heading-title elementor-size-default\">Services Facility<\/h2>\t\t\t\t<\/div>\n\t\t\t\t<\/div>\n\t\t\t\t\t<\/div>\n\t\t<\/div>\n\t\t\t\t\t<\/div>\n\t\t<\/section>\n\t\t\t\t<section class=\"elementor-section elementor-top-section elementor-element elementor-element-403888a2 elementor-section-boxed elementor-section-height-default elementor-section-height-default\" data-id=\"403888a2\" data-element_type=\"section\" data-e-type=\"section\">\n\t\t\t\t\t\t<div class=\"elementor-container elementor-column-gap-default\">\n\t\t\t\t\t<div class=\"elementor-column elementor-col-100 elementor-top-column elementor-element elementor-element-8fff35\" data-id=\"8fff35\" data-element_type=\"column\" data-e-type=\"column\" data-settings=\"{&quot;background_background&quot;:&quot;classic&quot;}\">\n\t\t\t<div class=\"elementor-widget-wrap elementor-element-populated\">\n\t\t\t\t\t<div class=\"elementor-background-overlay\"><\/div>\n\t\t\t\t\t\t<div class=\"elementor-element elementor-element-de30243 elementor-widget elementor-widget-text-editor\" data-id=\"de30243\" data-element_type=\"widget\" data-e-type=\"widget\" data-widget_type=\"text-editor.default\">\n\t\t\t\t<div class=\"elementor-widget-container\">\n\t\t\t\t\t\t\t\t\t<p style=\"text-align: left;\">La gestion immobili\u00e8re exige un temps consid\u00e9rable et une pr\u00e9cision op\u00e9rationnelle. Les gestionnaires doivent souvent jongler avec de multiples responsabilit\u00e9s d'entretien des b\u00e2timents tout en coordonnant divers fournisseurs et partenaires qui travaillent de mani\u00e8re isol\u00e9e, ce qui entra\u00eene des inefficacit\u00e9s et une augmentation des co\u00fbts.<\/p><p style=\"text-align: left;\">Gr\u00e2ce \u00e0 l'externalisation strat\u00e9gique, nous vous permettons de vous concentrer sur votre core business en proposant des solutions allant d'interventions cibl\u00e9es \u00e0 des forfaits de services complets.<\/p><p style=\"text-align: left;\">Notre \u00e9quipe qualifi\u00e9e et nos sous-traitants certifi\u00e9s collaborent pour fournir des Solutions de Services pour Facilities personnalis\u00e9es qui prot\u00e8gent votre investissement tout en optimisant les op\u00e9rations et en r\u00e9duisant les co\u00fbts.<\/p>\t\t\t\t\t\t\t\t<\/div>\n\t\t\t\t<\/div>\n\t\t\t\t\t<\/div>\n\t\t<\/div>\n\t\t\t\t\t<\/div>\n\t\t<\/section>\n\t\t\t\t<section class=\"elementor-section elementor-top-section elementor-element elementor-element-77e18b8e elementor-section-boxed elementor-section-height-default elementor-section-height-default\" data-id=\"77e18b8e\" data-element_type=\"section\" data-e-type=\"section\">\n\t\t\t\t\t\t<div class=\"elementor-container elementor-column-gap-default\">\n\t\t\t\t\t<div class=\"elementor-column elementor-col-100 elementor-top-column elementor-element elementor-element-853b79a\" data-id=\"853b79a\" data-element_type=\"column\" data-e-type=\"column\">\n\t\t\t<div class=\"elementor-widget-wrap elementor-element-populated\">\n\t\t\t\t\t\t<div class=\"elementor-element elementor-element-7f229962 elementor-align-center elementor-widget elementor-widget-button\" data-id=\"7f229962\" data-element_type=\"widget\" data-e-type=\"widget\" data-widget_type=\"button.default\">\n\t\t\t\t<div class=\"elementor-widget-container\">\n\t\t\t\t\t\t\t\t\t<div class=\"elementor-button-wrapper\">\n\t\t\t\t\t<a class=\"elementor-button elementor-button-link elementor-size-sm\" href=\"https:\/\/ddpm.be\/fr\/contact-us\/\">\n\t\t\t\t\t\t<span class=\"elementor-button-content-wrapper\">\n\t\t\t\t\t\t\t\t\t<span class=\"elementor-button-text\">Contactez-nous d\u00e8s aujourd'hui<\/span>\n\t\t\t\t\t<\/span>\n\t\t\t\t\t<\/a>\n\t\t\t\t<\/div>\n\t\t\t\t\t\t\t\t<\/div>\n\t\t\t\t<\/div>\n\t\t\t\t<div class=\"elementor-element elementor-element-76d273c elementor-widget elementor-widget-spacer\" data-id=\"76d273c\" data-element_type=\"widget\" data-e-type=\"widget\" data-widget_type=\"spacer.default\">\n\t\t\t\t<div class=\"elementor-widget-container\">\n\t\t\t\t\t\t\t<div class=\"elementor-spacer\">\n\t\t\t<div class=\"elementor-spacer-inner\"><\/div>\n\t\t<\/div>\n\t\t\t\t\t\t<\/div>\n\t\t\t\t<\/div>\n\t\t\t\t\t<\/div>\n\t\t<\/div>\n\t\t\t\t\t<\/div>\n\t\t<\/section>\n\t\t\t\t<section class=\"elementor-section elementor-top-section elementor-element elementor-element-19193423 elementor-section-boxed elementor-section-height-default elementor-section-height-default\" data-id=\"19193423\" data-element_type=\"section\" data-e-type=\"section\" data-settings=\"{&quot;background_background&quot;:&quot;classic&quot;}\">\n\t\t\t\t\t\t<div class=\"elementor-container elementor-column-gap-default\">\n\t\t\t\t\t<div class=\"elementor-column elementor-col-50 elementor-top-column elementor-element elementor-element-26f6e30e\" data-id=\"26f6e30e\" data-element_type=\"column\" data-e-type=\"column\" data-settings=\"{&quot;background_background&quot;:&quot;classic&quot;}\">\n\t\t\t<div class=\"elementor-widget-wrap elementor-element-populated\">\n\t\t\t\t\t<div class=\"elementor-background-overlay\"><\/div>\n\t\t\t\t\t\t<div class=\"elementor-element elementor-element-efc2788 elementor-widget elementor-widget-spacer\" data-id=\"efc2788\" data-element_type=\"widget\" data-e-type=\"widget\" data-widget_type=\"spacer.default\">\n\t\t\t\t<div class=\"elementor-widget-container\">\n\t\t\t\t\t\t\t<div class=\"elementor-spacer\">\n\t\t\t<div class=\"elementor-spacer-inner\"><\/div>\n\t\t<\/div>\n\t\t\t\t\t\t<\/div>\n\t\t\t\t<\/div>\n\t\t\t\t<div class=\"elementor-element elementor-element-367bc215 elementor-view-default elementor-position-block-start elementor-mobile-position-block-start elementor-widget elementor-widget-icon-box\" data-id=\"367bc215\" data-element_type=\"widget\" data-e-type=\"widget\" data-widget_type=\"icon-box.default\">\n\t\t\t\t<div class=\"elementor-widget-container\">\n\t\t\t\t\t\t\t<div class=\"elementor-icon-box-wrapper\">\n\n\t\t\t\t\t\t<div class=\"elementor-icon-box-icon\">\n\t\t\t\t<span  class=\"elementor-icon\">\n\t\t\t\t<i aria-hidden=\"true\" class=\"fas fa-building\"><\/i>\t\t\t\t<\/span>\n\t\t\t<\/div>\n\t\t\t\n\t\t\t\t\t\t<div class=\"elementor-icon-box-content\">\n\n\t\t\t\t\t\t\t\t\t<h3 class=\"elementor-icon-box-title\">\n\t\t\t\t\t\t<span  >\n\t\t\t\t\t\t\tServices Handyman\t\t\t\t\t\t<\/span>\n\t\t\t\t\t<\/h3>\n\t\t\t\t\n\t\t\t\t\n\t\t\t<\/div>\n\t\t\t\n\t\t<\/div>\n\t\t\t\t\t\t<\/div>\n\t\t\t\t<\/div>\n\t\t\t\t<div class=\"elementor-element elementor-element-7434af8 elementor-widget elementor-widget-text-editor\" data-id=\"7434af8\" data-element_type=\"widget\" data-e-type=\"widget\" data-widget_type=\"text-editor.default\">\n\t\t\t\t<div class=\"elementor-widget-container\">\n\t\t\t\t\t\t\t\t\t<p>Nos solutions compl\u00e8tes de maintenance de vos installations permettent \u00e0 votre propri\u00e9t\u00e9 commerciale de fonctionner efficacement avec des techniciens experts sp\u00e9cialis\u00e9s dans les complexes de bureaux, les espaces commerciaux et les b\u00e2timents professionnels. Des urgences \u00e0 l'entretien de routine et aux am\u00e9liorations, notre \u00e9quipe qualifi\u00e9e propose des plans de service flexibles adapt\u00e9s \u00e0 vos besoins. Laissez-nous g\u00e9rer la maintenance ponctuelle de vos installations pendant que vous vous concentrez sur la gestion de votre entreprise.<\/p>\t\t\t\t\t\t\t\t<\/div>\n\t\t\t\t<\/div>\n\t\t\t\t\t<\/div>\n\t\t<\/div>\n\t\t\t\t<div class=\"elementor-column elementor-col-50 elementor-top-column elementor-element elementor-element-45412e70\" data-id=\"45412e70\" data-element_type=\"column\" data-e-type=\"column\" data-settings=\"{&quot;background_background&quot;:&quot;classic&quot;}\">\n\t\t\t<div class=\"elementor-widget-wrap elementor-element-populated\">\n\t\t\t\t\t<div class=\"elementor-background-overlay\"><\/div>\n\t\t\t\t\t\t<div class=\"elementor-element elementor-element-480096b elementor-widget elementor-widget-spacer\" data-id=\"480096b\" data-element_type=\"widget\" data-e-type=\"widget\" data-widget_type=\"spacer.default\">\n\t\t\t\t<div class=\"elementor-widget-container\">\n\t\t\t\t\t\t\t<div class=\"elementor-spacer\">\n\t\t\t<div class=\"elementor-spacer-inner\"><\/div>\n\t\t<\/div>\n\t\t\t\t\t\t<\/div>\n\t\t\t\t<\/div>\n\t\t\t\t<div class=\"elementor-element elementor-element-2ec79967 elementor-view-default elementor-position-block-start elementor-mobile-position-block-start elementor-widget elementor-widget-icon-box\" data-id=\"2ec79967\" data-element_type=\"widget\" data-e-type=\"widget\" data-widget_type=\"icon-box.default\">\n\t\t\t\t<div class=\"elementor-widget-container\">\n\t\t\t\t\t\t\t<div class=\"elementor-icon-box-wrapper\">\n\n\t\t\t\t\t\t<div class=\"elementor-icon-box-icon\">\n\t\t\t\t<span  class=\"elementor-icon\">\n\t\t\t\t<i aria-hidden=\"true\" class=\"fas fa-cogs\"><\/i>\t\t\t\t<\/span>\n\t\t\t<\/div>\n\t\t\t\n\t\t\t\t\t\t<div class=\"elementor-icon-box-content\">\n\n\t\t\t\t\t\t\t\t\t<h3 class=\"elementor-icon-box-title\">\n\t\t\t\t\t\t<span  >\n\t\t\t\t\t\t\tContrat de maintenance\t\t\t\t\t\t<\/span>\n\t\t\t\t\t<\/h3>\n\t\t\t\t\n\t\t\t\t\n\t\t\t<\/div>\n\t\t\t\n\t\t<\/div>\n\t\t\t\t\t\t<\/div>\n\t\t\t\t<\/div>\n\t\t\t\t<div class=\"elementor-element elementor-element-2ee805cd elementor-widget elementor-widget-text-editor\" data-id=\"2ee805cd\" data-element_type=\"widget\" data-e-type=\"widget\" data-widget_type=\"text-editor.default\">\n\t\t\t\t<div class=\"elementor-widget-container\">\n\t\t\t\t\t\t\t\t\t<p>Nos solutions de maintenance professionnelles maintiennent votre propri\u00e9t\u00e9 commerciale \u00e0 un niveau de performance optimal gr\u00e2ce \u00e0 des contrats de service personnalis\u00e9s et des techniciens experts. De l'entretien pr\u00e9ventif aux interventions d'urgence, notre \u00e9quipe exp\u00e9riment\u00e9e g\u00e8re tous vos besoins en mati\u00e8re d'installations tout en offrant des co\u00fbts pr\u00e9visibles et un service fiable. Laissez-nous entretenir vos infrastructures pour que vous puissiez vous concentrer sur l'essentiel.<\/p>\t\t\t\t\t\t\t\t<\/div>\n\t\t\t\t<\/div>\n\t\t\t\t\t<\/div>\n\t\t<\/div>\n\t\t\t\t\t<\/div>\n\t\t<\/section>\n\t\t\t\t<\/div>","protected":false},"excerpt":{"rendered":"<p>Facility Services Property management requires significant time and operational precision. Managers often juggle multiple building maintenance responsibilities while coordinating various suppliers and partners, leading to inefficiencies and increased costs. Through strategic outsourcing, we enable you to focus on your core business by offering solutions from targeted interventions to comprehensive service packages. Our skilled team and [&hellip;]<\/p>\n","protected":false},"author":1,"featured_media":0,"parent":0,"menu_order":0,"comment_status":"closed","ping_status":"closed","template":"elementor_header_footer","meta":{"footnotes":""},"class_list":["post-1548","page","type-page","status-publish","hentry"],"_links":{"self":[{"href":"https:\/\/ddpm.be\/fr\/wp-json\/wp\/v2\/pages\/1548","targetHints":{"allow":["GET"]}}],"collection":[{"href":"https:\/\/ddpm.be\/fr\/wp-json\/wp\/v2\/pages"}],"about":[{"href":"https:\/\/ddpm.be\/fr\/wp-json\/wp\/v2\/types\/page"}],"author":[{"embeddable":true,"href":"https:\/\/ddpm.be\/fr\/wp-json\/wp\/v2\/users\/1"}],"replies":[{"embeddable":true,"href":"https:\/\/ddpm.be\/fr\/wp-json\/wp\/v2\/comments?post=1548"}],"version-history":[{"count":76,"href":"https:\/\/ddpm.be\/fr\/wp-json\/wp\/v2\/pages\/1548\/revisions"}],"predecessor-version":[{"id":2200,"href":"https:\/\/ddpm.be\/fr\/wp-json\/wp\/v2\/pages\/1548\/revisions\/2200"}],"wp:attachment":[{"href":"https:\/\/ddpm.be\/fr\/wp-json\/wp\/v2\/media?parent=1548"}],"curies":[{"name":"wp","href":"https:\/\/api.w.org\/{rel}","templated":true}]}}